{"id":2,"date":"2025-10-24T16:18:42","date_gmt":"2025-10-24T16:18:42","guid":{"rendered":"https:\/\/newcostanet.be\/?page_id=2"},"modified":"2025-11-28T11:13:26","modified_gmt":"2025-11-28T11:13:26","slug":"sample-page","status":"publish","type":"page","link":"https:\/\/newcostanet.be\/","title":{"rendered":"Service sur mesure"},"content":{"rendered":"\n<p><strong>New Costa Net<\/strong> s&rsquo;est \u00e9tablie comme le partenaire de confiance pour tous vos besoins de nettoyage professionnel en Belgique, g\u00e9r\u00e9e par <strong>Christ\u00e8le Manana<\/strong>.<\/p>\n\n\n\n<p>Bas\u00e9e \u00e0 <strong>Rue Vert Chasseur, 1<\/strong>, notre \u00e9quipe met son <strong>expertise<\/strong> et son <strong>engagement<\/strong> au service des entreprises, des copropri\u00e9t\u00e9s et des institutions. Nous comprenons que la propret\u00e9 est un pilier de l&rsquo;image de marque et du bien-\u00eatre de vos occupants. C&rsquo;est pourquoi nous garantissons des prestations de haute qualit\u00e9, un personnel <strong>qualifi\u00e9<\/strong> et des techniques de nettoyage <strong>efficaces<\/strong> et <strong>respectueuses de l&rsquo;environnement<\/strong>.<\/p>\n\n\n\n<p><em>Notre engagement :<\/em><\/p>\n\n\n\n<ul class=\"wp-block-list\">\n<li><strong>Service sur mesure :<\/strong> Des plans de nettoyage personnalis\u00e9s selon vos horaires et vos exigences sp\u00e9cifiques.<\/li>\n\n\n\n<li><strong>Fiabilit\u00e9 et discr\u00e9tion :<\/strong> Une \u00e9quipe ponctuelle et professionnelle qui travaille avec la plus grande discr\u00e9tion.<\/li>\n\n\n\n<li><strong>Qualit\u00e9 irr\u00e9prochable :<\/strong> Un suivi rigoureux pour vous assurer un r\u00e9sultat impeccable \u00e0 chaque intervention.<\/li>\n<\/ul>\n\n\n\n<p><strong>Faites de New Costa Net l&rsquo;alli\u00e9 d&rsquo;un environnement de travail sain et accueillant.<\/strong><\/p>\n\n\n\n<p><\/p>\n","protected":false},"excerpt":{"rendered":"<p>New Costa Net s&rsquo;est \u00e9tablie comme le partenaire de confiance pour tous vos besoins de nettoyage professionnel en Belgique, g\u00e9r\u00e9e [&hellip;]<\/p>\n","protected":false},"author":1,"featured_media":0,"parent":0,"menu_order":0,"comment_status":"closed","ping_status":"open","template":"","meta":{"site-sidebar-layout":"default","site-content-layout":"","ast-site-content-layout":"default","site-content-style":"default","site-sidebar-style":"default","ast-global-header-display":"","ast-banner-title-visibility":"","ast-main-header-display":"","ast-hfb-above-header-display":"","ast-hfb-below-header-display":"","ast-hfb-mobile-header-display":"","site-post-title":"","ast-breadcrumbs-content":"","ast-featured-img":"","footer-sml-layout":"","theme-transparent-header-meta":"","adv-header-id-meta":"","stick-header-meta":"","header-above-stick-meta":"","header-main-stick-meta":"","header-below-stick-meta":"","astra-migrate-meta-layouts":"default","ast-page-background-enabled":"default","ast-page-background-meta":{"desktop":{"background-color":"var(--ast-global-color-5)","background-image":"","background-repeat":"repeat","background-position":"center center","background-size":"auto","background-attachment":"scroll","background-type":"","background-media":"","overlay-type":"","overlay-color":"","overlay-opacity":"","overlay-gradient":""},"tablet":{"background-color":"","background-image":"","background-repeat":"repeat","background-position":"center center","background-size":"auto","background-attachment":"scroll","background-type":"","background-media":"","overlay-type":"","overlay-color":"","overlay-opacity":"","overlay-gradient":""},"mobile":{"background-color":"","background-image":"","background-repeat":"repeat","background-position":"center center","background-size":"auto","background-attachment":"scroll","background-type":"","background-media":"","overlay-type":"","overlay-color":"","overlay-opacity":"","overlay-gradient":""}},"ast-content-background-meta":{"desktop":{"background-color":"var(--ast-global-color-4)","background-image":"","background-repeat":"repeat","background-position":"center center","background-size":"auto","background-attachment":"scroll","background-type":"","background-media":"","overlay-type":"","overlay-color":"","overlay-opacity":"","overlay-gradient":""},"tablet":{"background-color":"var(--ast-global-color-4)","background-image":"","background-repeat":"repeat","background-position":"center center","background-size":"auto","background-attachment":"scroll","background-type":"","background-media":"","overlay-type":"","overlay-color":"","overlay-opacity":"","overlay-gradient":""},"mobile":{"background-color":"var(--ast-global-color-4)","background-image":"","background-repeat":"repeat","background-position":"center center","background-size":"auto","background-attachment":"scroll","background-type":"","background-media":"","overlay-type":"","overlay-color":"","overlay-opacity":"","overlay-gradient":""}},"footnotes":""},"class_list":["post-2","page","type-page","status-publish","hentry"],"_links":{"self":[{"href":"https:\/\/newcostanet.be\/index.php\/wp-json\/wp\/v2\/pages\/2","targetHints":{"allow":["GET"]}}],"collection":[{"href":"https:\/\/newcostanet.be\/index.php\/wp-json\/wp\/v2\/pages"}],"about":[{"href":"https:\/\/newcostanet.be\/index.php\/wp-json\/wp\/v2\/types\/page"}],"author":[{"embeddable":true,"href":"https:\/\/newcostanet.be\/index.php\/wp-json\/wp\/v2\/users\/1"}],"replies":[{"embeddable":true,"href":"https:\/\/newcostanet.be\/index.php\/wp-json\/wp\/v2\/comments?post=2"}],"version-history":[{"count":2,"href":"https:\/\/newcostanet.be\/index.php\/wp-json\/wp\/v2\/pages\/2\/revisions"}],"predecessor-version":[{"id":8,"href":"https:\/\/newcostanet.be\/index.php\/wp-json\/wp\/v2\/pages\/2\/revisions\/8"}],"wp:attachment":[{"href":"https:\/\/newcostanet.be\/index.php\/wp-json\/wp\/v2\/media?parent=2"}],"curies":[{"name":"wp","href":"https:\/\/api.w.org\/{rel}","templated":true}]}}